{"id":955,"date":"2022-10-18T15:37:45","date_gmt":"2022-10-18T15:37:45","guid":{"rendered":"https:\/\/www.englishbyenglish.sk\/online-learning\/"},"modified":"2022-12-08T12:36:22","modified_gmt":"2022-12-08T12:36:22","slug":"ucenie-online","status":"publish","type":"page","link":"https:\/\/www.englishbyenglish.sk\/sk\/ucenie-online\/","title":{"rendered":"U\u010denie Online"},"content":{"rendered":"\t\t<div data-elementor-type=\"wp-page\" data-elementor-id=\"955\" class=\"elementor elementor-955 elementor-21\">\n\t\t\t\t\t\t\t\t\t<section class=\"elementor-section elementor-top-section elementor-element elementor-element-c3b7b4e elementor-section-stretched elementor-section-boxed elementor-section-height-default elementor-section-height-default\" data-id=\"c3b7b4e\" data-element_type=\"section\" data-settings=\"{&quot;stretch_section&quot;:&quot;section-stretched&quot;}\">\n\t\t\t\t\t\t<div class=\"elementor-container elementor-column-gap-default\">\n\t\t\t\t\t<div class=\"elementor-column elementor-col-100 elementor-top-column elementor-element elementor-element-66878ae\" data-id=\"66878ae\" data-element_type=\"column\">\n\t\t\t<div class=\"elementor-widget-wrap elementor-element-populated\">\n\t\t\t\t\t\t\t\t<div class=\"elementor-element elementor-element-93d73b5 elementor-widget elementor-widget-text-editor\" data-id=\"93d73b5\" data-element_type=\"widget\" data-widget_type=\"text-editor.default\">\n\t\t\t\t<div class=\"elementor-widget-container\">\n\t\t\t<style>\/*! elementor - v3.9.0 - 06-12-2022 *\/\n.elementor-widget-text-editor.elementor-drop-cap-view-stacked .elementor-drop-cap{background-color:#818a91;color:#fff}.elementor-widget-text-editor.elementor-drop-cap-view-framed .elementor-drop-cap{color:#818a91;border:3px solid;background-color:transparent}.elementor-widget-text-editor:not(.elementor-drop-cap-view-default) .elementor-drop-cap{margin-top:8px}.elementor-widget-text-editor:not(.elementor-drop-cap-view-default) .elementor-drop-cap-letter{width:1em;height:1em}.elementor-widget-text-editor .elementor-drop-cap{float:left;text-align:center;line-height:1;font-size:50px}.elementor-widget-text-editor .elementor-drop-cap-letter{display:inline-block}<\/style>\t\t\t\t<h2>Ak\u00e9 v\u00fdhody n\u00e1m pon\u00faka online v\u00fdu\u010dba v porovnan\u00ed s osobnou?<\/h2>\t\t\t\t\t\t<\/div>\n\t\t\t\t<\/div>\n\t\t\t\t<div class=\"elementor-element elementor-element-bce766f elementor-widget elementor-widget-text-editor\" data-id=\"bce766f\" data-element_type=\"widget\" data-widget_type=\"text-editor.default\">\n\t\t\t\t<div class=\"elementor-widget-container\">\n\t\t\t\t\t\t\t<h3>Online u\u010denie m\u00f4\u017ee by\u0165 tak isto efekt\u00edvne, alebo e\u0161te \u00fa\u010dinnej\u0161ie ako osobn\u00e9 hodiny.<\/h3>\t\t\t\t\t\t<\/div>\n\t\t\t\t<\/div>\n\t\t\t\t<div class=\"elementor-element elementor-element-b05170d elementor-widget elementor-widget-text-editor\" data-id=\"b05170d\" data-element_type=\"widget\" data-widget_type=\"text-editor.default\">\n\t\t\t\t<div class=\"elementor-widget-container\">\n\t\t\t\t\t\t\t<p>Online u\u010denie m\u00f4\u017ee by\u0165 tak isto efekt\u00edvne, alebo e\u0161te \u00fa\u010dinnej\u0161ie ako osobn\u00e9 hodiny. Nieko\u013eko \u0161t\u00fadi\u00ed uk\u00e1zalo, \u017ee \u0161tudenti u\u010diaci sa online dosahovali lep\u0161\u00edch v\u00fdsledkov ne\u017e pri osobnej v\u00fdu\u010dbe. Online hodiny ale musia by\u0165 spr\u00e1vne namodelovan\u00e9.<\/p><p>Na\u0161e online hodiny pon\u00fakaj\u00fa mo\u017enos\u0165 prisp\u00f4sobi\u0165 tempo, \u010das aj sp\u00f4sob v\u00fdu\u010dby ka\u017ed\u00e9mu \u0161tudentovi individu\u00e1lne na mieru s vyu\u017eit\u00edm interakt\u00edvnych online met\u00f3d. Interakt\u00edvne met\u00f3dy, ktor\u00e9 pou\u017e\u00edvame: Zdie\u013eanie u\u010debn\u00e9ho materi\u00e1lu \u2013 online u\u010debnice vr\u00e1tane tradi\u010dn\u00fdch u\u010debn\u00edc gramatiky, zauj\u00edmav\u00e9 a aktu\u00e1lne t\u00e9my a \u010dl\u00e1nky. Tieto materi\u00e1ly tie\u017e zah\u0155\u0148aj\u00fa audio nahr\u00e1vky u\u010debn\u00edc, ktor\u00e9 m\u00f4\u017eu naraz zdie\u013ea\u0165 u\u010dite\u013e aj \u0161tudent. Pom\u00e1ha to \u0161tudentom po\u010du\u0165 a rozozn\u00e1va\u0165 r\u00f4zne pr\u00edzvuky anglick\u00e9ho jazyka.<\/p>\t\t\t\t\t\t<\/div>\n\t\t\t\t<\/div>\n\t\t\t\t<div class=\"elementor-element elementor-element-2e0bd70 elementor-widget__width-initial elementor-mobile-align-center elementor-widget-mobile__width-initial elementor-widget elementor-widget-button\" data-id=\"2e0bd70\" data-element_type=\"widget\" data-widget_type=\"button.default\">\n\t\t\t\t<div class=\"elementor-widget-container\">\n\t\t\t\t\t<div class=\"elementor-button-wrapper\">\n\t\t\t<a href=\"https:\/\/www.englishbyenglish.sk\/sk\/kontakt\/\" class=\"elementor-button-link elementor-button elementor-size-sm\" role=\"button\">\n\t\t\t\t\t\t<span class=\"elementor-button-content-wrapper\">\n\t\t\t\t\t\t<span class=\"elementor-button-text\">REZERVUJ SI HODINU ONLINE<\/span>\n\t\t<\/span>\n\t\t\t\t\t<\/a>\n\t\t<\/div>\n\t\t\t\t<\/div>\n\t\t\t\t<\/div>\n\t\t\t\t<div class=\"elementor-element elementor-element-49ed8eb elementor-widget elementor-widget-spacer\" data-id=\"49ed8eb\" data-element_type=\"widget\" data-widget_type=\"spacer.default\">\n\t\t\t\t<div class=\"elementor-widget-container\">\n\t\t\t<style>\/*! elementor - v3.9.0 - 06-12-2022 *\/\n.elementor-column .elementor-spacer-inner{height:var(--spacer-size)}.e-con{--container-widget-width:100%}.e-con-inner>.elementor-widget-spacer,.e-con>.elementor-widget-spacer{width:var(--container-widget-width,var(--spacer-size));--align-self:var(--container-widget-align-self,initial);--flex-shrink:0}.e-con-inner>.elementor-widget-spacer>.elementor-widget-container,.e-con-inner>.elementor-widget-spacer>.elementor-widget-container>.elementor-spacer,.e-con>.elementor-widget-spacer>.elementor-widget-container,.e-con>.elementor-widget-spacer>.elementor-widget-container>.elementor-spacer{height:100%}.e-con-inner>.elementor-widget-spacer>.elementor-widget-container>.elementor-spacer>.elementor-spacer-inner,.e-con>.elementor-widget-spacer>.elementor-widget-container>.elementor-spacer>.elementor-spacer-inner{height:var(--container-widget-height,var(--spacer-size))}<\/style>\t\t<div class=\"elementor-spacer\">\n\t\t\t<div class=\"elementor-spacer-inner\"><\/div>\n\t\t<\/div>\n\t\t\t\t<\/div>\n\t\t\t\t<\/div>\n\t\t\t\t<div class=\"elementor-element elementor-element-f818033 elementor-widget elementor-widget-gallery\" data-id=\"f818033\" data-element_type=\"widget\" data-settings=\"{&quot;columns&quot;:3,&quot;aspect_ratio&quot;:&quot;4:3&quot;,&quot;lazyload&quot;:&quot;yes&quot;,&quot;gallery_layout&quot;:&quot;grid&quot;,&quot;columns_tablet&quot;:2,&quot;columns_mobile&quot;:1,&quot;gap&quot;:{&quot;unit&quot;:&quot;px&quot;,&quot;size&quot;:10,&quot;sizes&quot;:[]},&quot;gap_tablet&quot;:{&quot;unit&quot;:&quot;px&quot;,&quot;size&quot;:10,&quot;sizes&quot;:[]},&quot;gap_mobile&quot;:{&quot;unit&quot;:&quot;px&quot;,&quot;size&quot;:10,&quot;sizes&quot;:[]},&quot;link_to&quot;:&quot;file&quot;,&quot;overlay_background&quot;:&quot;yes&quot;,&quot;content_hover_animation&quot;:&quot;fade-in&quot;}\" data-widget_type=\"gallery.default\">\n\t\t\t\t<div class=\"elementor-widget-container\">\n\t\t\t<style>\/*! elementor-pro - v3.8.0 - 30-10-2022 *\/\n.elementor-gallery__container{min-height:1px}.elementor-gallery-item{position:relative;overflow:hidden;display:block;text-decoration:none;border:solid var(--image-border-width) var(--image-border-color);border-radius:var(--image-border-radius)}.elementor-gallery-item__content,.elementor-gallery-item__overlay{height:100%;width:100%;position:absolute;top:0;left:0}.elementor-gallery-item__overlay{mix-blend-mode:var(--overlay-mix-blend-mode);-webkit-transition-duration:var(--overlay-transition-duration);-o-transition-duration:var(--overlay-transition-duration);transition-duration:var(--overlay-transition-duration);-webkit-transition-property:mix-blend-mode,opacity,background-color,-webkit-transform;transition-property:mix-blend-mode,opacity,background-color,-webkit-transform;-o-transition-property:mix-blend-mode,transform,opacity,background-color;transition-property:mix-blend-mode,transform,opacity,background-color;transition-property:mix-blend-mode,transform,opacity,background-color,-webkit-transform}.elementor-gallery-item__image.e-gallery-image{-webkit-transition-duration:var(--image-transition-duration);-o-transition-duration:var(--image-transition-duration);transition-duration:var(--image-transition-duration);-webkit-transition-property:-webkit-filter,-webkit-transform;transition-property:-webkit-filter,-webkit-transform;-o-transition-property:filter,transform;transition-property:filter,transform;transition-property:filter,transform,-webkit-filter,-webkit-transform}.elementor-gallery-item__content{display:-webkit-box;display:-ms-flexbox;display:flex;-webkit-box-orient:vertical;-webkit-box-direction:normal;-ms-flex-direction:column;flex-direction:column;-webkit-box-pack:var(--content-justify-content,center);-ms-flex-pack:var(--content-justify-content,center);justify-content:var(--content-justify-content,center);-webkit-box-align:center;-ms-flex-align:center;align-items:center;text-align:var(--content-text-align);padding:var(--content-padding)}.elementor-gallery-item__content>div{-webkit-transition-duration:var(--content-transition-duration);-o-transition-duration:var(--content-transition-duration);transition-duration:var(--content-transition-duration)}.elementor-gallery-item__content.elementor-gallery--sequenced-animation>div:nth-child(2){-webkit-transition-delay:calc(var(--content-transition-delay) \/ 3);-o-transition-delay:calc(var(--content-transition-delay) \/ 3);transition-delay:calc(var(--content-transition-delay) \/ 3)}.elementor-gallery-item__content.elementor-gallery--sequenced-animation>div:nth-child(3){-webkit-transition-delay:calc(var(--content-transition-delay) \/ 3 * 2);-o-transition-delay:calc(var(--content-transition-delay) \/ 3 * 2);transition-delay:calc(var(--content-transition-delay) \/ 3 * 2)}.elementor-gallery-item__content.elementor-gallery--sequenced-animation>div:nth-child(4){-webkit-transition-delay:calc(var(--content-transition-delay) \/ 3 * 3);-o-transition-delay:calc(var(--content-transition-delay) \/ 3 * 3);transition-delay:calc(var(--content-transition-delay) \/ 3 * 3)}.elementor-gallery-item__description{color:var(--description-text-color,#fff);width:100%}.elementor-gallery-item__title{color:var(--title-text-color,#fff);font-weight:700;width:100%}.elementor-gallery__titles-container{display:-webkit-box;display:-ms-flexbox;display:flex;-ms-flex-wrap:wrap;flex-wrap:wrap;-webkit-box-pack:var(--titles-container-justify-content,center);-ms-flex-pack:var(--titles-container-justify-content,center);justify-content:var(--titles-container-justify-content,center);margin-bottom:20px}.elementor-gallery__titles-container:not(.e--pointer-framed) .elementor-item:after,.elementor-gallery__titles-container:not(.e--pointer-framed) .elementor-item:before{background-color:var(--galleries-pointer-bg-color-hover)}.elementor-gallery__titles-container:not(.e--pointer-framed) .elementor-item.elementor-item-active:after,.elementor-gallery__titles-container:not(.e--pointer-framed) .elementor-item.elementor-item-active:before{background-color:var(--galleries-pointer-bg-color-active)}.elementor-gallery__titles-container.e--pointer-framed .elementor-item:before{border-color:var(--galleries-pointer-bg-color-hover);border-width:var(--galleries-pointer-border-width)}.elementor-gallery__titles-container.e--pointer-framed .elementor-item:after{border-color:var(--galleries-pointer-bg-color-hover)}.elementor-gallery__titles-container.e--pointer-framed .elementor-item.elementor-item-active:after,.elementor-gallery__titles-container.e--pointer-framed .elementor-item.elementor-item-active:before{border-color:var(--galleries-pointer-bg-color-active)}.elementor-gallery__titles-container.e--pointer-framed.e--animation-draw .elementor-item:before{border-left-width:var(--galleries-pointer-border-width);border-bottom-width:var(--galleries-pointer-border-width);border-right-width:0;border-top-width:0}.elementor-gallery__titles-container.e--pointer-framed.e--animation-draw .elementor-item:after{border-left-width:0;border-bottom-width:0;border-right-width:var(--galleries-pointer-border-width);border-top-width:var(--galleries-pointer-border-width)}.elementor-gallery__titles-container.e--pointer-framed.e--animation-corners .elementor-item:before{border-left-width:var(--galleries-pointer-border-width);border-bottom-width:0;border-right-width:0;border-top-width:var(--galleries-pointer-border-width)}.elementor-gallery__titles-container.e--pointer-framed.e--animation-corners .elementor-item:after{border-left-width:0;border-bottom-width:var(--galleries-pointer-border-width);border-right-width:var(--galleries-pointer-border-width);border-top-width:0}.elementor-gallery__titles-container .e--pointer-double-line .elementor-item:after,.elementor-gallery__titles-container .e--pointer-double-line .elementor-item:before,.elementor-gallery__titles-container .e--pointer-overline .elementor-item:before,.elementor-gallery__titles-container .e--pointer-underline .elementor-item:after{height:var(--galleries-pointer-border-width)}.elementor-gallery-title{--space-between:10px;cursor:pointer;color:#6d7882;font-weight:500;position:relative;padding:7px 14px;-webkit-transition:all .3s;-o-transition:all .3s;transition:all .3s}.elementor-gallery-title--active{color:#495157}.elementor-gallery-title:not(:last-child){margin-right:var(--space-between)}.elementor-gallery-item__title+.elementor-gallery-item__description{margin-top:var(--description-margin-top)}.e-gallery-item.elementor-gallery-item{-webkit-transition-property:all;-o-transition-property:all;transition-property:all}.e-gallery-item.elementor-animated-content .elementor-animated-item--enter-from-bottom,.e-gallery-item.elementor-animated-content .elementor-animated-item--enter-from-left,.e-gallery-item.elementor-animated-content .elementor-animated-item--enter-from-right,.e-gallery-item.elementor-animated-content .elementor-animated-item--enter-from-top,.e-gallery-item:hover .elementor-gallery__item-overlay-bg,.e-gallery-item:hover .elementor-gallery__item-overlay-content,.e-gallery-item:hover .elementor-gallery__item-overlay-content__description,.e-gallery-item:hover .elementor-gallery__item-overlay-content__title{opacity:1}a.elementor-item.elementor-gallery-title{color:var(--galleries-title-color-normal)}a.elementor-item.elementor-gallery-title.elementor-item-active,a.elementor-item.elementor-gallery-title.highlighted,a.elementor-item.elementor-gallery-title:focus,a.elementor-item.elementor-gallery-title:hover{color:var(--galleries-title-color-hover)}a.elementor-item.elementor-gallery-title.elementor-item-active{color:var(--gallery-title-color-active)}.e-con-inner>.elementor-widget-gallery,.e-con>.elementor-widget-gallery{width:var(--container-widget-width,100%)}<\/style>\t\t<div class=\"elementor-gallery__container\">\n\t\t\t\t\t\t\t<a class=\"e-gallery-item elementor-gallery-item elementor-animated-content\" href=\"https:\/\/www.englishbyenglish.sk\/wp-content\/uploads\/2022\/12\/pexels-julia-m-cameron-4143791.jpg\" data-elementor-open-lightbox=\"yes\" data-elementor-lightbox-slideshow=\"all-f818033\" data-elementor-lightbox-title=\"pexels-julia-m-cameron-4143791\" data-elementor-lightbox-description=\"U\u010denie Online\" e-action-hash=\"#elementor-action%3Aaction%3Dlightbox%26settings%3DeyJpZCI6OTQ2LCJ1cmwiOiJodHRwczpcL1wvd3d3LmVuZ2xpc2hieWVuZ2xpc2guc2tcL3dwLWNvbnRlbnRcL3VwbG9hZHNcLzIwMjJcLzEyXC9wZXhlbHMtanVsaWEtbS1jYW1lcm9uLTQxNDM3OTEuanBnIiwic2xpZGVzaG93IjoiYWxsLWY4MTgwMzMifQ%3D%3D\">\n\t\t\t\t\t<div class=\"e-gallery-image elementor-gallery-item__image\" data-thumbnail=\"https:\/\/www.englishbyenglish.sk\/wp-content\/uploads\/2022\/12\/pexels-julia-m-cameron-4143791.jpg\" data-width=\"1280\" data-height=\"854\" alt=\"\" ><\/div>\n\t\t\t\t\t\t\t\t\t\t\t<div class=\"elementor-gallery-item__overlay\"><\/div>\n\t\t\t\t\t\t\t\t\t\t\t\t\t\t<\/a>\n\t\t\t\t\t\t\t<a class=\"e-gallery-item elementor-gallery-item elementor-animated-content\" href=\"https:\/\/www.englishbyenglish.sk\/wp-content\/uploads\/2022\/12\/pexels-julia-m-cameron-4145153.jpg\" data-elementor-open-lightbox=\"yes\" data-elementor-lightbox-slideshow=\"all-f818033\" data-elementor-lightbox-title=\"pexels-julia-m-cameron-4145153\" data-elementor-lightbox-description=\"U\u010denie Online\" e-action-hash=\"#elementor-action%3Aaction%3Dlightbox%26settings%3DeyJpZCI6OTQ3LCJ1cmwiOiJodHRwczpcL1wvd3d3LmVuZ2xpc2hieWVuZ2xpc2guc2tcL3dwLWNvbnRlbnRcL3VwbG9hZHNcLzIwMjJcLzEyXC9wZXhlbHMtanVsaWEtbS1jYW1lcm9uLTQxNDUxNTMuanBnIiwic2xpZGVzaG93IjoiYWxsLWY4MTgwMzMifQ%3D%3D\">\n\t\t\t\t\t<div class=\"e-gallery-image elementor-gallery-item__image\" data-thumbnail=\"https:\/\/www.englishbyenglish.sk\/wp-content\/uploads\/2022\/12\/pexels-julia-m-cameron-4145153.jpg\" data-width=\"1279\" data-height=\"854\" alt=\"\" ><\/div>\n\t\t\t\t\t\t\t\t\t\t\t<div class=\"elementor-gallery-item__overlay\"><\/div>\n\t\t\t\t\t\t\t\t\t\t\t\t\t\t<\/a>\n\t\t\t\t\t\t\t<a class=\"e-gallery-item elementor-gallery-item elementor-animated-content\" href=\"https:\/\/www.englishbyenglish.sk\/wp-content\/uploads\/2022\/12\/pexels-julia-m-cameron-4144222-1.jpg\" data-elementor-open-lightbox=\"yes\" data-elementor-lightbox-slideshow=\"all-f818033\" data-elementor-lightbox-title=\"pexels-julia-m-cameron-4144222 (1)\" data-elementor-lightbox-description=\"U\u010denie Online\" e-action-hash=\"#elementor-action%3Aaction%3Dlightbox%26settings%3DeyJpZCI6OTQ4LCJ1cmwiOiJodHRwczpcL1wvd3d3LmVuZ2xpc2hieWVuZ2xpc2guc2tcL3dwLWNvbnRlbnRcL3VwbG9hZHNcLzIwMjJcLzEyXC9wZXhlbHMtanVsaWEtbS1jYW1lcm9uLTQxNDQyMjItMS5qcGciLCJzbGlkZXNob3ciOiJhbGwtZjgxODAzMyJ9\">\n\t\t\t\t\t<div class=\"e-gallery-image elementor-gallery-item__image\" data-thumbnail=\"https:\/\/www.englishbyenglish.sk\/wp-content\/uploads\/2022\/12\/pexels-julia-m-cameron-4144222-1.jpg\" data-width=\"1280\" data-height=\"854\" alt=\"\" ><\/div>\n\t\t\t\t\t\t\t\t\t\t\t<div class=\"elementor-gallery-item__overlay\"><\/div>\n\t\t\t\t\t\t\t\t\t\t\t\t\t\t<\/a>\n\t\t\t\t\t<\/div>\n\t\t\t<\/div>\n\t\t\t\t<\/div>\n\t\t\t\t\t<\/div>\n\t\t<\/div>\n\t\t\t\t\t\t\t<\/div>\n\t\t<\/section>\n\t\t\t\t\t\t\t<\/div>\n\t\t","protected":false},"excerpt":{"rendered":"<p>Ak\u00e9 v\u00fdhody n\u00e1m pon\u00faka online v\u00fdu\u010dba v porovnan\u00ed s osobnou? Online u\u010denie m\u00f4\u017ee by\u0165 tak isto efekt\u00edvne, alebo e\u0161te \u00fa\u010dinnej\u0161ie ako osobn\u00e9 hodiny. Online u\u010denie m\u00f4\u017ee by\u0165 tak isto efekt\u00edvne, alebo e\u0161te \u00fa\u010dinnej\u0161ie ako osobn\u00e9 hodiny. Nieko\u013eko \u0161t\u00fadi\u00ed uk\u00e1zalo, \u017ee \u0161tudenti u\u010diaci sa online dosahovali lep\u0161\u00edch v\u00fdsledkov ne\u017e pri osobnej v\u00fdu\u010dbe. Online hodiny ale musia [&hellip;]<\/p>\n","protected":false},"author":2,"featured_media":0,"parent":0,"menu_order":0,"comment_status":"closed","ping_status":"closed","template":"","meta":[],"acf":[],"yoast_head":"<!-- This site is optimized with the Yoast SEO plugin v19.11 - https:\/\/yoast.com\/wordpress\/plugins\/seo\/ -->\n<title>U\u010denie Online - V\u00fdhody Online U\u010denia<\/title>\n<meta name=\"description\" content=\"Online u\u010denie m\u00f4\u017ee by\u0165 tak isto efekt\u00edvne, alebo e\u0161te \u00fa\u010dinnej\u0161ie ako osobn\u00e9 hodiny.Nieko\u013eko \u0161t\u00fadi\u00ed uk\u00e1zalo, \u017ee \u0161tudenti u\u010diaci sa online...\" \/>\n<meta name=\"robots\" content=\"index, follow, max-snippet:-1, max-image-preview:large, max-video-preview:-1\" \/>\n<link rel=\"canonical\" href=\"https:\/\/www.englishbyenglish.sk\/sk\/ucenie-online\/\" \/>\n<meta property=\"og:locale\" content=\"sk_SK\" \/>\n<meta property=\"og:type\" content=\"article\" \/>\n<meta property=\"og:title\" content=\"U\u010denie Online - V\u00fdhody Online U\u010denia\" \/>\n<meta property=\"og:description\" content=\"Online u\u010denie m\u00f4\u017ee by\u0165 tak isto efekt\u00edvne, alebo e\u0161te \u00fa\u010dinnej\u0161ie ako osobn\u00e9 hodiny.Nieko\u013eko \u0161t\u00fadi\u00ed uk\u00e1zalo, \u017ee \u0161tudenti u\u010diaci sa online...\" \/>\n<meta property=\"og:url\" content=\"https:\/\/www.englishbyenglish.sk\/sk\/ucenie-online\/\" \/>\n<meta property=\"og:site_name\" content=\"English by English\" \/>\n<meta property=\"article:modified_time\" content=\"2022-12-08T12:36:22+00:00\" \/>\n<meta name=\"twitter:card\" content=\"summary_large_image\" \/>\n<meta name=\"twitter:label1\" content=\"Predpokladan\u00fd \u010das \u010d\u00edtania\" \/>\n\t<meta name=\"twitter:data1\" content=\"1 min\u00fata\" \/>\n<script type=\"application\/ld+json\" class=\"yoast-schema-graph\">{\"@context\":\"https:\/\/schema.org\",\"@graph\":[{\"@type\":\"WebPage\",\"@id\":\"https:\/\/www.englishbyenglish.sk\/sk\/ucenie-online\/\",\"url\":\"https:\/\/www.englishbyenglish.sk\/sk\/ucenie-online\/\",\"name\":\"U\u010denie Online - V\u00fdhody Online U\u010denia\",\"isPartOf\":{\"@id\":\"https:\/\/www.englishbyenglish.sk\/sk\/#website\"},\"datePublished\":\"2022-10-18T15:37:45+00:00\",\"dateModified\":\"2022-12-08T12:36:22+00:00\",\"description\":\"Online u\u010denie m\u00f4\u017ee by\u0165 tak isto efekt\u00edvne, alebo e\u0161te \u00fa\u010dinnej\u0161ie ako osobn\u00e9 hodiny.Nieko\u013eko \u0161t\u00fadi\u00ed uk\u00e1zalo, \u017ee \u0161tudenti u\u010diaci sa online...\",\"breadcrumb\":{\"@id\":\"https:\/\/www.englishbyenglish.sk\/sk\/ucenie-online\/#breadcrumb\"},\"inLanguage\":\"sk-SK\",\"potentialAction\":[{\"@type\":\"ReadAction\",\"target\":[\"https:\/\/www.englishbyenglish.sk\/sk\/ucenie-online\/\"]}]},{\"@type\":\"BreadcrumbList\",\"@id\":\"https:\/\/www.englishbyenglish.sk\/sk\/ucenie-online\/#breadcrumb\",\"itemListElement\":[{\"@type\":\"ListItem\",\"position\":1,\"name\":\"Home\",\"item\":\"https:\/\/www.englishbyenglish.sk\/sk\/\"},{\"@type\":\"ListItem\",\"position\":2,\"name\":\"U\u010denie Online\"}]},{\"@type\":\"WebSite\",\"@id\":\"https:\/\/www.englishbyenglish.sk\/sk\/#website\",\"url\":\"https:\/\/www.englishbyenglish.sk\/sk\/\",\"name\":\"English by English\",\"description\":\"\",\"potentialAction\":[{\"@type\":\"SearchAction\",\"target\":{\"@type\":\"EntryPoint\",\"urlTemplate\":\"https:\/\/www.englishbyenglish.sk\/sk\/?s={search_term_string}\"},\"query-input\":\"required name=search_term_string\"}],\"inLanguage\":\"sk-SK\"}]}<\/script>\n<!-- \/ Yoast SEO plugin. -->","yoast_head_json":{"title":"U\u010denie Online - V\u00fdhody Online U\u010denia","description":"Online u\u010denie m\u00f4\u017ee by\u0165 tak isto efekt\u00edvne, alebo e\u0161te \u00fa\u010dinnej\u0161ie ako osobn\u00e9 hodiny.Nieko\u013eko \u0161t\u00fadi\u00ed uk\u00e1zalo, \u017ee \u0161tudenti u\u010diaci sa online...","robots":{"index":"index","follow":"follow","max-snippet":"max-snippet:-1","max-image-preview":"max-image-preview:large","max-video-preview":"max-video-preview:-1"},"canonical":"https:\/\/www.englishbyenglish.sk\/sk\/ucenie-online\/","og_locale":"sk_SK","og_type":"article","og_title":"U\u010denie Online - V\u00fdhody Online U\u010denia","og_description":"Online u\u010denie m\u00f4\u017ee by\u0165 tak isto efekt\u00edvne, alebo e\u0161te \u00fa\u010dinnej\u0161ie ako osobn\u00e9 hodiny.Nieko\u013eko \u0161t\u00fadi\u00ed uk\u00e1zalo, \u017ee \u0161tudenti u\u010diaci sa online...","og_url":"https:\/\/www.englishbyenglish.sk\/sk\/ucenie-online\/","og_site_name":"English by English","article_modified_time":"2022-12-08T12:36:22+00:00","twitter_card":"summary_large_image","twitter_misc":{"Predpokladan\u00fd \u010das \u010d\u00edtania":"1 min\u00fata"},"schema":{"@context":"https:\/\/schema.org","@graph":[{"@type":"WebPage","@id":"https:\/\/www.englishbyenglish.sk\/sk\/ucenie-online\/","url":"https:\/\/www.englishbyenglish.sk\/sk\/ucenie-online\/","name":"U\u010denie Online - V\u00fdhody Online U\u010denia","isPartOf":{"@id":"https:\/\/www.englishbyenglish.sk\/sk\/#website"},"datePublished":"2022-10-18T15:37:45+00:00","dateModified":"2022-12-08T12:36:22+00:00","description":"Online u\u010denie m\u00f4\u017ee by\u0165 tak isto efekt\u00edvne, alebo e\u0161te \u00fa\u010dinnej\u0161ie ako osobn\u00e9 hodiny.Nieko\u013eko \u0161t\u00fadi\u00ed uk\u00e1zalo, \u017ee \u0161tudenti u\u010diaci sa online...","breadcrumb":{"@id":"https:\/\/www.englishbyenglish.sk\/sk\/ucenie-online\/#breadcrumb"},"inLanguage":"sk-SK","potentialAction":[{"@type":"ReadAction","target":["https:\/\/www.englishbyenglish.sk\/sk\/ucenie-online\/"]}]},{"@type":"BreadcrumbList","@id":"https:\/\/www.englishbyenglish.sk\/sk\/ucenie-online\/#breadcrumb","itemListElement":[{"@type":"ListItem","position":1,"name":"Home","item":"https:\/\/www.englishbyenglish.sk\/sk\/"},{"@type":"ListItem","position":2,"name":"U\u010denie Online"}]},{"@type":"WebSite","@id":"https:\/\/www.englishbyenglish.sk\/sk\/#website","url":"https:\/\/www.englishbyenglish.sk\/sk\/","name":"English by English","description":"","potentialAction":[{"@type":"SearchAction","target":{"@type":"EntryPoint","urlTemplate":"https:\/\/www.englishbyenglish.sk\/sk\/?s={search_term_string}"},"query-input":"required name=search_term_string"}],"inLanguage":"sk-SK"}]}},"_links":{"self":[{"href":"https:\/\/www.englishbyenglish.sk\/sk\/wp-json\/wp\/v2\/pages\/955"}],"collection":[{"href":"https:\/\/www.englishbyenglish.sk\/sk\/wp-json\/wp\/v2\/pages"}],"about":[{"href":"https:\/\/www.englishbyenglish.sk\/sk\/wp-json\/wp\/v2\/types\/page"}],"author":[{"embeddable":true,"href":"https:\/\/www.englishbyenglish.sk\/sk\/wp-json\/wp\/v2\/users\/2"}],"replies":[{"embeddable":true,"href":"https:\/\/www.englishbyenglish.sk\/sk\/wp-json\/wp\/v2\/comments?post=955"}],"version-history":[{"count":6,"href":"https:\/\/www.englishbyenglish.sk\/sk\/wp-json\/wp\/v2\/pages\/955\/revisions"}],"predecessor-version":[{"id":982,"href":"https:\/\/www.englishbyenglish.sk\/sk\/wp-json\/wp\/v2\/pages\/955\/revisions\/982"}],"wp:attachment":[{"href":"https:\/\/www.englishbyenglish.sk\/sk\/wp-json\/wp\/v2\/media?parent=955"}],"curies":[{"name":"wp","href":"https:\/\/api.w.org\/{rel}","templated":true}]}}