{"id":961,"date":"2022-10-27T12:00:27","date_gmt":"2022-10-27T12:00:27","guid":{"rendered":"https:\/\/www.englishbyenglish.sk\/about-us\/"},"modified":"2022-12-08T12:38:30","modified_gmt":"2022-12-08T12:38:30","slug":"o-nas","status":"publish","type":"page","link":"https:\/\/www.englishbyenglish.sk\/sk\/o-nas\/","title":{"rendered":"O n\u00e1s"},"content":{"rendered":"\t\t<div data-elementor-type=\"wp-page\" data-elementor-id=\"961\" class=\"elementor elementor-961 elementor-629\">\n\t\t\t\t\t\t\t\t\t<section class=\"elementor-section elementor-top-section elementor-element elementor-element-620fed1 elementor-section-stretched elementor-section-boxed elementor-section-height-default elementor-section-height-default\" data-id=\"620fed1\" data-element_type=\"section\" data-settings=\"{&quot;stretch_section&quot;:&quot;section-stretched&quot;}\">\n\t\t\t\t\t\t<div class=\"elementor-container elementor-column-gap-default\">\n\t\t\t\t\t<div class=\"elementor-column elementor-col-100 elementor-top-column elementor-element elementor-element-dafe735\" data-id=\"dafe735\" data-element_type=\"column\">\n\t\t\t<div class=\"elementor-widget-wrap elementor-element-populated\">\n\t\t\t\t\t\t\t\t<div class=\"elementor-element elementor-element-9779028 elementor-widget elementor-widget-text-editor\" data-id=\"9779028\" data-element_type=\"widget\" data-widget_type=\"text-editor.default\">\n\t\t\t\t<div class=\"elementor-widget-container\">\n\t\t\t<style>\/*! elementor - v3.9.0 - 06-12-2022 *\/\n.elementor-widget-text-editor.elementor-drop-cap-view-stacked .elementor-drop-cap{background-color:#818a91;color:#fff}.elementor-widget-text-editor.elementor-drop-cap-view-framed .elementor-drop-cap{color:#818a91;border:3px solid;background-color:transparent}.elementor-widget-text-editor:not(.elementor-drop-cap-view-default) .elementor-drop-cap{margin-top:8px}.elementor-widget-text-editor:not(.elementor-drop-cap-view-default) .elementor-drop-cap-letter{width:1em;height:1em}.elementor-widget-text-editor .elementor-drop-cap{float:left;text-align:center;line-height:1;font-size:50px}.elementor-widget-text-editor .elementor-drop-cap-letter{display:inline-block}<\/style>\t\t\t\t<h2>Online Hodiny Angli\u010dtiny. Va\u0161a prv\u00e1 hodina z jazykovej \u0161koly English by English je ZDARMA. Chceme si by\u0165 ist\u00ed, \u017ee ste so svojimi hodinami spokojn\u00ed.<\/h2>\t\t\t\t\t\t<\/div>\n\t\t\t\t<\/div>\n\t\t\t\t<div class=\"elementor-element elementor-element-aa97534 elementor-widget elementor-widget-text-editor\" data-id=\"aa97534\" data-element_type=\"widget\" data-widget_type=\"text-editor.default\">\n\t\t\t\t<div class=\"elementor-widget-container\">\n\t\t\t\t\t\t\t<p>Nau\u010d\u00edme V\u00e1s hovori\u0165 skuto\u010dnou angli\u010dtinou. Na\u0161i u\u010ditelia s\u00fa sk\u00fasen\u00ed vyu\u010duj\u00faci anglick\u00e9ho jazyka. V\u0161etci na\u0161i slovensk\u00fd aj anglick\u00fd native u\u010ditelia hovoria perfektnou angli\u010dtinou. Chcete zlep\u0161i\u0165 kvalitu va\u0161ej angli\u010dtiny? Chcete rozpr\u00e1va\u0165 so sebavedom\u00edm?<\/p><p>Pracovn\u00fdch povinnost\u00ed pribudlo, nem\u00e1te \u010das na doch\u00e1dzane do jazykovej \u0161koly a preferujete flexibiln\u00fd pr\u00edstup? Na\u0161i u\u010ditelia s\u00fa pre v\u00e1s t\u00fdm prav\u00fdm! Na\u0161i vyu\u010duj\u00faci s\u00fa podroben\u00ed v\u00fdberov\u00fdm konaniam, v r\u00e1mci ktor\u00fdch s\u00fa testovan\u00ed, absolvuj\u00fa \u0161kolenie a po\u010das praxe je ich v\u00fdkon je monitorovan\u00fd profesion\u00e1lnymi \u0161kolite\u013emi anglick\u00e9ho jazyka. Je pre n\u00e1s d\u00f4le\u017eit\u00e9 poskytova\u0165 na\u0161im \u0161tudentom vysok\u00fa kvalitu jazykovej v\u00fdu\u010dby osobne aj online.<br \/><br \/>Monitorujeme pokroky na\u0161ich \u0161tudentov a \u00faspe\u0161n\u00fdm absolventom na\u0161ich jazykov\u00fdch kurzov ude\u013eujeme na konci ka\u017ed\u00e9ho kurzu certifik\u00e1ty v s\u00falade so spolo\u010dn\u00fdm eur\u00f3pskym referen\u010dn\u00fdm r\u00e1mcom pre jazyky Rady Eur\u00f3py.<\/p>\t\t\t\t\t\t<\/div>\n\t\t\t\t<\/div>\n\t\t\t\t<div class=\"elementor-element elementor-element-cf33f37 elementor-widget elementor-widget-text-editor\" data-id=\"cf33f37\" data-element_type=\"widget\" data-widget_type=\"text-editor.default\">\n\t\t\t\t<div class=\"elementor-widget-container\">\n\t\t\t\t\t\t\t<strong>Na\u0161e kurzy, v\u0161etky poskytujeme aj ONLINE:<\/strong>\t\t\t\t\t\t<\/div>\n\t\t\t\t<\/div>\n\t\t\t\t<section class=\"elementor-section elementor-inner-section elementor-element elementor-element-c077451 elementor-section-full_width elementor-section-height-default elementor-section-height-default\" data-id=\"c077451\" data-element_type=\"section\">\n\t\t\t\t\t\t<div class=\"elementor-container elementor-column-gap-default\">\n\t\t\t\t\t<div class=\"elementor-column elementor-col-50 elementor-inner-column elementor-element elementor-element-24cd488\" data-id=\"24cd488\" data-element_type=\"column\">\n\t\t\t<div class=\"elementor-widget-wrap elementor-element-populated\">\n\t\t\t\t\t\t\t\t<div class=\"elementor-element elementor-element-be43b88 elementor-icon-list--layout-traditional elementor-list-item-link-full_width elementor-widget elementor-widget-icon-list\" data-id=\"be43b88\" data-element_type=\"widget\" data-widget_type=\"icon-list.default\">\n\t\t\t\t<div class=\"elementor-widget-container\">\n\t\t\t<link rel=\"stylesheet\" href=\"https:\/\/www.englishbyenglish.sk\/wp-content\/plugins\/elementor\/assets\/css\/widget-icon-list.min.css\">\t\t<ul class=\"elementor-icon-list-items\">\n\t\t\t\t\t\t\t<li class=\"elementor-icon-list-item\">\n\t\t\t\t\t\t\t\t\t\t\t<span class=\"elementor-icon-list-icon\">\n\t\t\t\t\t\t\t<i aria-hidden=\"true\" class=\"fas fa-check\"><\/i>\t\t\t\t\t\t<\/span>\n\t\t\t\t\t\t\t\t\t\t<span class=\"elementor-icon-list-text\">Jazykov\u00e9 kurzy pre za\u010diato\u010dn\u00edkov \/ mierne pokro\u010dil\u00fdch \/ pokro\u010dil\u00fdch<\/span>\n\t\t\t\t\t\t\t\t\t<\/li>\n\t\t\t\t\t\t\t\t<li class=\"elementor-icon-list-item\">\n\t\t\t\t\t\t\t\t\t\t\t<span class=\"elementor-icon-list-icon\">\n\t\t\t\t\t\t\t<i aria-hidden=\"true\" class=\"fas fa-check\"><\/i>\t\t\t\t\t\t<\/span>\n\t\t\t\t\t\t\t\t\t\t<span class=\"elementor-icon-list-text\">Kurzy anglick\u00e9ho jazyka pripraven\u00e9 na mieru Va\u0161im osobn\u00fdm a\/alebo firemn\u00fdm po\u017eiadavk\u00e1m a potreb\u00e1m.<\/span>\n\t\t\t\t\t\t\t\t\t<\/li>\n\t\t\t\t\t\t\t\t<li class=\"elementor-icon-list-item\">\n\t\t\t\t\t\t\t\t\t\t\t<span class=\"elementor-icon-list-icon\">\n\t\t\t\t\t\t\t<i aria-hidden=\"true\" class=\"fas fa-check\"><\/i>\t\t\t\t\t\t<\/span>\n\t\t\t\t\t\t\t\t\t\t<span class=\"elementor-icon-list-text\">V\u0161eobecn\u00e1 angli\u010dtina<\/span>\n\t\t\t\t\t\t\t\t\t<\/li>\n\t\t\t\t\t\t\t\t<li class=\"elementor-icon-list-item\">\n\t\t\t\t\t\t\t\t\t\t\t<span class=\"elementor-icon-list-icon\">\n\t\t\t\t\t\t\t<i aria-hidden=\"true\" class=\"fas fa-check\"><\/i>\t\t\t\t\t\t<\/span>\n\t\t\t\t\t\t\t\t\t\t<span class=\"elementor-icon-list-text\">Biznis angli\u010dtina<\/span>\n\t\t\t\t\t\t\t\t\t<\/li>\n\t\t\t\t\t\t\t\t<li class=\"elementor-icon-list-item\">\n\t\t\t\t\t\t\t\t\t\t\t<span class=\"elementor-icon-list-icon\">\n\t\t\t\t\t\t\t<i aria-hidden=\"true\" class=\"fas fa-check\"><\/i>\t\t\t\t\t\t<\/span>\n\t\t\t\t\t\t\t\t\t\t<span class=\"elementor-icon-list-text\">Pr\u00e1vna angli\u010dtina<\/span>\n\t\t\t\t\t\t\t\t\t<\/li>\n\t\t\t\t\t\t<\/ul>\n\t\t\t\t<\/div>\n\t\t\t\t<\/div>\n\t\t\t\t\t<\/div>\n\t\t<\/div>\n\t\t\t\t<div class=\"elementor-column elementor-col-50 elementor-inner-column elementor-element elementor-element-9673ac9\" data-id=\"9673ac9\" data-element_type=\"column\">\n\t\t\t<div class=\"elementor-widget-wrap elementor-element-populated\">\n\t\t\t\t\t\t\t\t<div class=\"elementor-element elementor-element-10f454c elementor-icon-list--layout-traditional elementor-list-item-link-full_width elementor-widget elementor-widget-icon-list\" data-id=\"10f454c\" data-element_type=\"widget\" data-widget_type=\"icon-list.default\">\n\t\t\t\t<div class=\"elementor-widget-container\">\n\t\t\t\t\t<ul class=\"elementor-icon-list-items\">\n\t\t\t\t\t\t\t<li class=\"elementor-icon-list-item\">\n\t\t\t\t\t\t\t\t\t\t\t<span class=\"elementor-icon-list-icon\">\n\t\t\t\t\t\t\t<i aria-hidden=\"true\" class=\"fas fa-check\"><\/i>\t\t\t\t\t\t<\/span>\n\t\t\t\t\t\t\t\t\t\t<span class=\"elementor-icon-list-text\">IT angli\u010dtina \/ Angli\u010dtina v cestovnom ruchu \/ Angli\u010dtina vo farmaceutickom priemysle<\/span>\n\t\t\t\t\t\t\t\t\t<\/li>\n\t\t\t\t\t\t\t\t<li class=\"elementor-icon-list-item\">\n\t\t\t\t\t\t\t\t\t\t\t<span class=\"elementor-icon-list-icon\">\n\t\t\t\t\t\t\t<i aria-hidden=\"true\" class=\"fas fa-check\"><\/i>\t\t\t\t\t\t<\/span>\n\t\t\t\t\t\t\t\t\t\t<span class=\"elementor-icon-list-text\">Angli\u010dtina v medic\u00edne a zdravotn\u00edctve<\/span>\n\t\t\t\t\t\t\t\t\t<\/li>\n\t\t\t\t\t\t\t\t<li class=\"elementor-icon-list-item\">\n\t\t\t\t\t\t\t\t\t\t\t<span class=\"elementor-icon-list-icon\">\n\t\t\t\t\t\t\t<i aria-hidden=\"true\" class=\"fas fa-check\"><\/i>\t\t\t\t\t\t<\/span>\n\t\t\t\t\t\t\t\t\t\t<span class=\"elementor-icon-list-text\">Konverza\u010dn\u00e1 angli\u010dtina<\/span>\n\t\t\t\t\t\t\t\t\t<\/li>\n\t\t\t\t\t\t\t\t<li class=\"elementor-icon-list-item\">\n\t\t\t\t\t\t\t\t\t\t\t<span class=\"elementor-icon-list-icon\">\n\t\t\t\t\t\t\t<i aria-hidden=\"true\" class=\"fas fa-check\"><\/i>\t\t\t\t\t\t<\/span>\n\t\t\t\t\t\t\t\t\t\t<span class=\"elementor-icon-list-text\">Pr\u00edpravn\u00e9 kurzy na certifik\u00e1ty Cambridge English a TOEFL<\/span>\n\t\t\t\t\t\t\t\t\t<\/li>\n\t\t\t\t\t\t\t\t<li class=\"elementor-icon-list-item\">\n\t\t\t\t\t\t\t\t\t\t\t<span class=\"elementor-icon-list-icon\">\n\t\t\t\t\t\t\t<i aria-hidden=\"true\" class=\"fas fa-check\"><\/i>\t\t\t\t\t\t<\/span>\n\t\t\t\t\t\t\t\t\t\t<span class=\"elementor-icon-list-text\">Pr\u00edprava na maturitn\u00e9 sk\u00fa\u0161ky<\/span>\n\t\t\t\t\t\t\t\t\t<\/li>\n\t\t\t\t\t\t<\/ul>\n\t\t\t\t<\/div>\n\t\t\t\t<\/div>\n\t\t\t\t\t<\/div>\n\t\t<\/div>\n\t\t\t\t\t\t\t<\/div>\n\t\t<\/section>\n\t\t\t\t<div class=\"elementor-element elementor-element-8b2998e elementor-widget elementor-widget-text-editor\" data-id=\"8b2998e\" data-element_type=\"widget\" data-widget_type=\"text-editor.default\">\n\t\t\t\t<div class=\"elementor-widget-container\">\n\t\t\t\t\t\t\tNau\u010d\u00edme v\u00e1s hovori\u0165 a rozumie\u0165 skuto\u010dnej angli\u010dtine\t\t\t\t\t\t<\/div>\n\t\t\t\t<\/div>\n\t\t\t\t<div class=\"elementor-element elementor-element-e7ddcb4 elementor-widget elementor-widget-text-editor\" data-id=\"e7ddcb4\" data-element_type=\"widget\" data-widget_type=\"text-editor.default\">\n\t\t\t\t<div class=\"elementor-widget-container\">\n\t\t\t\t\t\t\tVyberte si t\u00fa najlep\u0161iu mo\u017enos\u0165 pre v\u00e1s. Hodiny \u0161it\u00e9 na mieru, kurzy alebo osvie\u017euj\u00face konverz\u00e1cie.\t\t\t\t\t\t<\/div>\n\t\t\t\t<\/div>\n\t\t\t\t<div class=\"elementor-element elementor-element-3ade2af elementor-icon-list--layout-traditional elementor-list-item-link-full_width elementor-widget elementor-widget-icon-list\" data-id=\"3ade2af\" data-element_type=\"widget\" data-widget_type=\"icon-list.default\">\n\t\t\t\t<div class=\"elementor-widget-container\">\n\t\t\t\t\t<ul class=\"elementor-icon-list-items\">\n\t\t\t\t\t\t\t<li class=\"elementor-icon-list-item\">\n\t\t\t\t\t\t\t\t\t\t\t<span class=\"elementor-icon-list-icon\">\n\t\t\t\t\t\t\t<i aria-hidden=\"true\" class=\"fas fa-check\"><\/i>\t\t\t\t\t\t<\/span>\n\t\t\t\t\t\t\t\t\t\t<span class=\"elementor-icon-list-text\">V\u0161eobecn\u00e1 angli\u010dtiny<\/span>\n\t\t\t\t\t\t\t\t\t<\/li>\n\t\t\t\t\t\t\t\t<li class=\"elementor-icon-list-item\">\n\t\t\t\t\t\t\t\t\t\t\t<span class=\"elementor-icon-list-icon\">\n\t\t\t\t\t\t\t<i aria-hidden=\"true\" class=\"fas fa-check\"><\/i>\t\t\t\t\t\t<\/span>\n\t\t\t\t\t\t\t\t\t\t<span class=\"elementor-icon-list-text\">Biznis angli\u010dtiny<\/span>\n\t\t\t\t\t\t\t\t\t<\/li>\n\t\t\t\t\t\t\t\t<li class=\"elementor-icon-list-item\">\n\t\t\t\t\t\t\t\t\t\t\t<span class=\"elementor-icon-list-icon\">\n\t\t\t\t\t\t\t<i aria-hidden=\"true\" class=\"fas fa-check\"><\/i>\t\t\t\t\t\t<\/span>\n\t\t\t\t\t\t\t\t\t\t<span class=\"elementor-icon-list-text\">Pr\u00e1vna angli\u010dtina<\/span>\n\t\t\t\t\t\t\t\t\t<\/li>\n\t\t\t\t\t\t\t\t<li class=\"elementor-icon-list-item\">\n\t\t\t\t\t\t\t\t\t\t\t<span class=\"elementor-icon-list-icon\">\n\t\t\t\t\t\t\t<i aria-hidden=\"true\" class=\"fas fa-check\"><\/i>\t\t\t\t\t\t<\/span>\n\t\t\t\t\t\t\t\t\t\t<span class=\"elementor-icon-list-text\">IT angli\u010dtina<\/span>\n\t\t\t\t\t\t\t\t\t<\/li>\n\t\t\t\t\t\t\t\t<li class=\"elementor-icon-list-item\">\n\t\t\t\t\t\t\t\t\t\t\t<span class=\"elementor-icon-list-icon\">\n\t\t\t\t\t\t\t<i aria-hidden=\"true\" class=\"fas fa-check\"><\/i>\t\t\t\t\t\t<\/span>\n\t\t\t\t\t\t\t\t\t\t<span class=\"elementor-icon-list-text\">Farmaceutick\u00e1 angli\u010dtina<\/span>\n\t\t\t\t\t\t\t\t\t<\/li>\n\t\t\t\t\t\t\t\t<li class=\"elementor-icon-list-item\">\n\t\t\t\t\t\t\t\t\t\t\t<span class=\"elementor-icon-list-icon\">\n\t\t\t\t\t\t\t<i aria-hidden=\"true\" class=\"fas fa-check\"><\/i>\t\t\t\t\t\t<\/span>\n\t\t\t\t\t\t\t\t\t\t<span class=\"elementor-icon-list-text\">Online Angli\u010dtina pre deti<\/span>\n\t\t\t\t\t\t\t\t\t<\/li>\n\t\t\t\t\t\t<\/ul>\n\t\t\t\t<\/div>\n\t\t\t\t<\/div>\n\t\t\t\t<div class=\"elementor-element elementor-element-ffc6004 elementor-widget__width-initial elementor-mobile-align-center elementor-widget-mobile__width-initial elementor-widget elementor-widget-button\" data-id=\"ffc6004\" data-element_type=\"widget\" data-widget_type=\"button.default\">\n\t\t\t\t<div class=\"elementor-widget-container\">\n\t\t\t\t\t<div class=\"elementor-button-wrapper\">\n\t\t\t<a href=\"https:\/\/www.englishbyenglish.sk\/sk\/kontakt\/\" class=\"elementor-button-link elementor-button elementor-size-sm\" role=\"button\">\n\t\t\t\t\t\t<span class=\"elementor-button-content-wrapper\">\n\t\t\t\t\t\t<span class=\"elementor-button-text\">REZERVUJ SI HODINU ONLINE<\/span>\n\t\t<\/span>\n\t\t\t\t\t<\/a>\n\t\t<\/div>\n\t\t\t\t<\/div>\n\t\t\t\t<\/div>\n\t\t\t\t\t<\/div>\n\t\t<\/div>\n\t\t\t\t\t\t\t<\/div>\n\t\t<\/section>\n\t\t\t\t\t\t\t<\/div>\n\t\t","protected":false},"excerpt":{"rendered":"<p>Online Hodiny Angli\u010dtiny. Va\u0161a prv\u00e1 hodina z jazykovej \u0161koly English by English je ZDARMA. Chceme si by\u0165 ist\u00ed, \u017ee ste so svojimi hodinami spokojn\u00ed. Nau\u010d\u00edme V\u00e1s hovori\u0165 skuto\u010dnou angli\u010dtinou. Na\u0161i u\u010ditelia s\u00fa sk\u00fasen\u00ed vyu\u010duj\u00faci anglick\u00e9ho jazyka. V\u0161etci na\u0161i slovensk\u00fd aj anglick\u00fd native u\u010ditelia hovoria perfektnou angli\u010dtinou. Chcete zlep\u0161i\u0165 kvalitu va\u0161ej angli\u010dtiny? Chcete rozpr\u00e1va\u0165 so sebavedom\u00edm? [&hellip;]<\/p>\n","protected":false},"author":2,"featured_media":0,"parent":0,"menu_order":0,"comment_status":"closed","ping_status":"closed","template":"","meta":[],"acf":[],"yoast_head":"<!-- This site is optimized with the Yoast SEO plugin v19.11 - https:\/\/yoast.com\/wordpress\/plugins\/seo\/ -->\n<title>O n\u00e1s - Online Hodiny Angli\u010dtiny<\/title>\n<meta name=\"description\" content=\"Nau\u010d\u00edme V\u00e1s hovori\u0165 skuto\u010dnou angli\u010dtinou. Na\u0161i u\u010ditelia s\u00fa sk\u00fasen\u00ed vyu\u010duj\u00faci anglick\u00e9ho jazyka. Online Hodiny Angli\u010dtiny.\" \/>\n<meta name=\"robots\" content=\"index, follow, max-snippet:-1, max-image-preview:large, max-video-preview:-1\" \/>\n<link rel=\"canonical\" href=\"https:\/\/www.englishbyenglish.sk\/sk\/o-nas\/\" \/>\n<meta property=\"og:locale\" content=\"sk_SK\" \/>\n<meta property=\"og:type\" content=\"article\" \/>\n<meta property=\"og:title\" content=\"O n\u00e1s - Online Hodiny Angli\u010dtiny\" \/>\n<meta property=\"og:description\" content=\"Nau\u010d\u00edme V\u00e1s hovori\u0165 skuto\u010dnou angli\u010dtinou. Na\u0161i u\u010ditelia s\u00fa sk\u00fasen\u00ed vyu\u010duj\u00faci anglick\u00e9ho jazyka. Online Hodiny Angli\u010dtiny.\" \/>\n<meta property=\"og:url\" content=\"https:\/\/www.englishbyenglish.sk\/sk\/o-nas\/\" \/>\n<meta property=\"og:site_name\" content=\"English by English\" \/>\n<meta property=\"article:modified_time\" content=\"2022-12-08T12:38:30+00:00\" \/>\n<meta name=\"twitter:card\" content=\"summary_large_image\" \/>\n<meta name=\"twitter:label1\" content=\"Predpokladan\u00fd \u010das \u010d\u00edtania\" \/>\n\t<meta name=\"twitter:data1\" content=\"2 min\u00faty\" \/>\n<script type=\"application\/ld+json\" class=\"yoast-schema-graph\">{\"@context\":\"https:\/\/schema.org\",\"@graph\":[{\"@type\":\"WebPage\",\"@id\":\"https:\/\/www.englishbyenglish.sk\/sk\/o-nas\/\",\"url\":\"https:\/\/www.englishbyenglish.sk\/sk\/o-nas\/\",\"name\":\"O n\u00e1s - Online Hodiny Angli\u010dtiny\",\"isPartOf\":{\"@id\":\"https:\/\/www.englishbyenglish.sk\/sk\/#website\"},\"datePublished\":\"2022-10-27T12:00:27+00:00\",\"dateModified\":\"2022-12-08T12:38:30+00:00\",\"description\":\"Nau\u010d\u00edme V\u00e1s hovori\u0165 skuto\u010dnou angli\u010dtinou. Na\u0161i u\u010ditelia s\u00fa sk\u00fasen\u00ed vyu\u010duj\u00faci anglick\u00e9ho jazyka. Online Hodiny Angli\u010dtiny.\",\"breadcrumb\":{\"@id\":\"https:\/\/www.englishbyenglish.sk\/sk\/o-nas\/#breadcrumb\"},\"inLanguage\":\"sk-SK\",\"potentialAction\":[{\"@type\":\"ReadAction\",\"target\":[\"https:\/\/www.englishbyenglish.sk\/sk\/o-nas\/\"]}]},{\"@type\":\"BreadcrumbList\",\"@id\":\"https:\/\/www.englishbyenglish.sk\/sk\/o-nas\/#breadcrumb\",\"itemListElement\":[{\"@type\":\"ListItem\",\"position\":1,\"name\":\"Home\",\"item\":\"https:\/\/www.englishbyenglish.sk\/sk\/\"},{\"@type\":\"ListItem\",\"position\":2,\"name\":\"O n\u00e1s\"}]},{\"@type\":\"WebSite\",\"@id\":\"https:\/\/www.englishbyenglish.sk\/sk\/#website\",\"url\":\"https:\/\/www.englishbyenglish.sk\/sk\/\",\"name\":\"English by English\",\"description\":\"\",\"potentialAction\":[{\"@type\":\"SearchAction\",\"target\":{\"@type\":\"EntryPoint\",\"urlTemplate\":\"https:\/\/www.englishbyenglish.sk\/sk\/?s={search_term_string}\"},\"query-input\":\"required name=search_term_string\"}],\"inLanguage\":\"sk-SK\"}]}<\/script>\n<!-- \/ Yoast SEO plugin. -->","yoast_head_json":{"title":"O n\u00e1s - Online Hodiny Angli\u010dtiny","description":"Nau\u010d\u00edme V\u00e1s hovori\u0165 skuto\u010dnou angli\u010dtinou. Na\u0161i u\u010ditelia s\u00fa sk\u00fasen\u00ed vyu\u010duj\u00faci anglick\u00e9ho jazyka. Online Hodiny Angli\u010dtiny.","robots":{"index":"index","follow":"follow","max-snippet":"max-snippet:-1","max-image-preview":"max-image-preview:large","max-video-preview":"max-video-preview:-1"},"canonical":"https:\/\/www.englishbyenglish.sk\/sk\/o-nas\/","og_locale":"sk_SK","og_type":"article","og_title":"O n\u00e1s - Online Hodiny Angli\u010dtiny","og_description":"Nau\u010d\u00edme V\u00e1s hovori\u0165 skuto\u010dnou angli\u010dtinou. Na\u0161i u\u010ditelia s\u00fa sk\u00fasen\u00ed vyu\u010duj\u00faci anglick\u00e9ho jazyka. Online Hodiny Angli\u010dtiny.","og_url":"https:\/\/www.englishbyenglish.sk\/sk\/o-nas\/","og_site_name":"English by English","article_modified_time":"2022-12-08T12:38:30+00:00","twitter_card":"summary_large_image","twitter_misc":{"Predpokladan\u00fd \u010das \u010d\u00edtania":"2 min\u00faty"},"schema":{"@context":"https:\/\/schema.org","@graph":[{"@type":"WebPage","@id":"https:\/\/www.englishbyenglish.sk\/sk\/o-nas\/","url":"https:\/\/www.englishbyenglish.sk\/sk\/o-nas\/","name":"O n\u00e1s - Online Hodiny Angli\u010dtiny","isPartOf":{"@id":"https:\/\/www.englishbyenglish.sk\/sk\/#website"},"datePublished":"2022-10-27T12:00:27+00:00","dateModified":"2022-12-08T12:38:30+00:00","description":"Nau\u010d\u00edme V\u00e1s hovori\u0165 skuto\u010dnou angli\u010dtinou. Na\u0161i u\u010ditelia s\u00fa sk\u00fasen\u00ed vyu\u010duj\u00faci anglick\u00e9ho jazyka. Online Hodiny Angli\u010dtiny.","breadcrumb":{"@id":"https:\/\/www.englishbyenglish.sk\/sk\/o-nas\/#breadcrumb"},"inLanguage":"sk-SK","potentialAction":[{"@type":"ReadAction","target":["https:\/\/www.englishbyenglish.sk\/sk\/o-nas\/"]}]},{"@type":"BreadcrumbList","@id":"https:\/\/www.englishbyenglish.sk\/sk\/o-nas\/#breadcrumb","itemListElement":[{"@type":"ListItem","position":1,"name":"Home","item":"https:\/\/www.englishbyenglish.sk\/sk\/"},{"@type":"ListItem","position":2,"name":"O n\u00e1s"}]},{"@type":"WebSite","@id":"https:\/\/www.englishbyenglish.sk\/sk\/#website","url":"https:\/\/www.englishbyenglish.sk\/sk\/","name":"English by English","description":"","potentialAction":[{"@type":"SearchAction","target":{"@type":"EntryPoint","urlTemplate":"https:\/\/www.englishbyenglish.sk\/sk\/?s={search_term_string}"},"query-input":"required name=search_term_string"}],"inLanguage":"sk-SK"}]}},"_links":{"self":[{"href":"https:\/\/www.englishbyenglish.sk\/sk\/wp-json\/wp\/v2\/pages\/961"}],"collection":[{"href":"https:\/\/www.englishbyenglish.sk\/sk\/wp-json\/wp\/v2\/pages"}],"about":[{"href":"https:\/\/www.englishbyenglish.sk\/sk\/wp-json\/wp\/v2\/types\/page"}],"author":[{"embeddable":true,"href":"https:\/\/www.englishbyenglish.sk\/sk\/wp-json\/wp\/v2\/users\/2"}],"replies":[{"embeddable":true,"href":"https:\/\/www.englishbyenglish.sk\/sk\/wp-json\/wp\/v2\/comments?post=961"}],"version-history":[{"count":6,"href":"https:\/\/www.englishbyenglish.sk\/sk\/wp-json\/wp\/v2\/pages\/961\/revisions"}],"predecessor-version":[{"id":986,"href":"https:\/\/www.englishbyenglish.sk\/sk\/wp-json\/wp\/v2\/pages\/961\/revisions\/986"}],"wp:attachment":[{"href":"https:\/\/www.englishbyenglish.sk\/sk\/wp-json\/wp\/v2\/media?parent=961"}],"curies":[{"name":"wp","href":"https:\/\/api.w.org\/{rel}","templated":true}]}}